{"id":63,"date":"2024-08-16T17:51:24","date_gmt":"2024-08-16T17:51:24","guid":{"rendered":"http:\/\/lyceejacques1er.org\/?page_id=63"},"modified":"2024-08-18T12:24:23","modified_gmt":"2024-08-18T12:24:23","slug":"anciens-directeurs","status":"publish","type":"page","link":"https:\/\/lyceejacques1er.org\/?page_id=63","title":{"rendered":"Anciens Directeurs"},"content":{"rendered":"\n<p><strong>Liste des Anciens directeurs et Directeur du Lyc\u00e9e Jacques 1er de la commune de la Croix-Des-Bouquets.<\/strong><\/p>\n\n\n\n<p><strong>Le\u00a0 1er\u00a0 Directeur 1964-1965\u00a0 Pierre Exius Brutus\u00a0<\/strong><\/p>\n\n\n\n<p><strong>2e Directeur 1965-1966:\u00a0 Antoine Leroy (Dans un Conseil de 3 membres compose de : \u00a0Jean Th\u00e9odat, JOSEPH Cantave et Antoine Leroy)<\/strong><\/p>\n\n\n\n<p><strong>3e Directeur\u00a0 : 1966-1986 Jacquelin PERICLES .<\/strong><\/p>\n\n\n\n<p><strong>4e Directeur 1986- 1987 Roland\u00a0 FRANCISCO ( Dans in Conseil de 3 membres (Roland Francisco  , Jean Bertin ADOLPHE et Jean William ALTIDOR)<\/strong><\/p>\n\n\n\n<p><strong>5e Directeur\u00a0 1987-1991\u00a0 Jean Reynold JEAN PIERRE\u00a0<\/strong><\/p>\n\n\n\n<p><strong>6e Directeur : 1991-1998 Elys\u00e9e SANON<\/strong><\/p>\n\n\n\n<p><strong>7e 1998- 2024\u00a0 Directeur: Jean Bertin ADOLPHE<\/strong>\u00a0<\/p>\n\n\n\n<p><strong>8e Directeur : 2024 J\u00e9r\u00e9mie JOSEPH\u00a0<\/strong><\/p>\n\n\n\n<p><strong>Lis Ansyen Direkt\u00e8 ak Direkt\u00e8 Lise Jack Premye \u00a0komin Kwad\u00e8bouk\u00e8.<\/strong><\/p>\n\n\n\n<p><strong>1ye Direkt\u00e8 a 1964-1965 Pierre Exius Brutus<\/strong><\/p>\n\n\n\n<p><strong>2y\u00e8m Direkt\u00e8 1965-1966 : Antoine Leroy (Nan yon Kons\u00e8y 3 manm ki konpoze de : Jean Th\u00e9odat, JOSEPH Cantave ak Antoine Leroy)<\/strong><\/p>\n\n\n\n<p><strong>3y\u00e8m Direkt\u00e8: 1966-1986 Jacquelin PERICLES.<\/strong><\/p>\n\n\n\n<p><strong>4y\u00e8m Direkt\u00e8 1986-1987 Roland  FRANCISCO (Nan yon Kons\u00e8y 3 manm (Roland Francisco , Jean Bertin ADOLPHE ak Jean William ALTIDOR)<\/strong><\/p>\n\n\n\n<p><strong>5y\u00e8m Direkt\u00e8 1987-1991 Jean Reynold JEAN PIERRE<\/strong><\/p>\n\n\n\n<p><strong>6y\u00e8m Direkt\u00e8: 1991-1998 Elys\u00e9e SANON<\/strong><\/p>\n\n\n\n<p><strong>7y\u00e8m 1998- 2024 Direkt\u00e8: Jean Bertin ADOLPHE<\/strong><\/p>\n\n\n\n<p><strong>8\u00e8m Direkt\u00e8: 2024 J\u00e9r\u00e9mie JOSEPH<\/strong><\/p>\n\n\n\n<p>L<strong>ist of Former Directors and Directors of Lyc\u00e9e Jacques 1er in the commune of Croix-Des-Bouquets<\/strong><\/p>\n\n\n\n<p>T<strong>he 1st Director 1964-1965 Pierre Exius Brutus<\/strong><\/p>\n\n\n\n<p><strong>2nd Director 1965-1966: Antoine Leroy (In a Council of 3 members composed of: Jean Th\u00e9odat, JOSEPH Cantave and Antoine Leroy)<\/strong><\/p>\n\n\n\n<p><strong>3rd Director: 1966-1986 Jacquelin PERICLES.<\/strong><\/p>\n\n\n\n<p><strong>4th Director 1986- 1987 William FRANCISCO (In a 3-member Board (Roland Francisco , Jean Bertin ADOLPHE and Jean William ALTIDOR)<\/strong><\/p>\n\n\n\n<p><strong>5th Director 1987-1991 Jean Reynold JEAN PIERRE<\/strong><\/p>\n\n\n\n<p><strong>6th Director: 1991-1998 Elys\u00e9e SANON<\/strong><\/p>\n\n\n\n<p>7<strong>th 1998- 2024 Director: Jean Bertin ADOLPHE<\/strong><\/p>\n\n\n\n<p><strong>8th Director: 2024 J\u00e9r\u00e9mie JOSEPH<\/strong><\/p>\n","protected":false},"excerpt":{"rendered":"<p>Liste des Anciens directeurs et Directeur du Lyc\u00e9e Jacques 1er de la commune de la Croix-Des-Bouquets. Le\u00a0 1er\u00a0 Directeur 1964-1965\u00a0 Pierre Exius Brutus\u00a0 2e Directeur 1965-1966:\u00a0 Antoine Leroy (Dans un Conseil de 3 membres compose de : \u00a0Jean Th\u00e9odat, JOSEPH Cantave et Antoine Leroy) 3e Directeur\u00a0 : 1966-1986 Jacquelin PERICLES . 4e Directeur 1986- 1987 <\/p>\n","protected":false},"author":2,"featured_media":0,"parent":0,"menu_order":0,"comment_status":"closed","ping_status":"closed","template":"","meta":{"_acf_changed":false,"footnotes":""},"class_list":["post-63","page","type-page","status-publish","hentry"],"acf":[],"_links":{"self":[{"href":"https:\/\/lyceejacques1er.org\/index.php?rest_route=\/wp\/v2\/pages\/63","targetHints":{"allow":["GET"]}}],"collection":[{"href":"https:\/\/lyceejacques1er.org\/index.php?rest_route=\/wp\/v2\/pages"}],"about":[{"href":"https:\/\/lyceejacques1er.org\/index.php?rest_route=\/wp\/v2\/types\/page"}],"author":[{"embeddable":true,"href":"https:\/\/lyceejacques1er.org\/index.php?rest_route=\/wp\/v2\/users\/2"}],"replies":[{"embeddable":true,"href":"https:\/\/lyceejacques1er.org\/index.php?rest_route=%2Fwp%2Fv2%2Fcomments&post=63"}],"version-history":[{"count":2,"href":"https:\/\/lyceejacques1er.org\/index.php?rest_route=\/wp\/v2\/pages\/63\/revisions"}],"predecessor-version":[{"id":140,"href":"https:\/\/lyceejacques1er.org\/index.php?rest_route=\/wp\/v2\/pages\/63\/revisions\/140"}],"wp:attachment":[{"href":"https:\/\/lyceejacques1er.org\/index.php?rest_route=%2Fwp%2Fv2%2Fmedia&parent=63"}],"curies":[{"name":"wp","href":"https:\/\/api.w.org\/{rel}","templated":true}]}}